{"id":341,"date":"2020-04-29T09:48:44","date_gmt":"2020-04-29T07:48:44","guid":{"rendered":"https:\/\/www.ocrforfun.at\/ocr-camp\/?page_id=341"},"modified":"2026-04-15T06:45:33","modified_gmt":"2026-04-15T04:45:33","slug":"startseite","status":"publish","type":"page","link":"https:\/\/www.ocrforfun.at\/ocr-camp\/","title":{"rendered":"OCR Trainingscamps"},"content":{"rendered":"\t\t<div data-elementor-type=\"wp-post\" data-elementor-id=\"341\" class=\"elementor elementor-341\">\n\t\t\t\t\t\t<section class=\"elementor-section elementor-top-section elementor-element elementor-element-5d4f7fb elementor-section-boxed elementor-section-height-default elementor-section-height-default\" data-id=\"5d4f7fb\" data-element_type=\"section\" data-e-type=\"section\">\n\t\t\t\t\t\t<div class=\"elementor-container elementor-column-gap-default\">\n\t\t\t\t\t<div class=\"elementor-column elementor-col-100 elementor-top-column elementor-element elementor-element-8e86aa7\" data-id=\"8e86aa7\" data-element_type=\"column\" data-e-type=\"column\">\n\t\t\t<div class=\"elementor-widget-wrap elementor-element-populated\">\n\t\t\t\t\t\t<div class=\"elementor-element elementor-element-1f93a5d elementor-widget elementor-widget-image\" data-id=\"1f93a5d\" data-element_type=\"widget\" data-e-type=\"widget\" data-widget_type=\"image.default\">\n\t\t\t\t<div class=\"elementor-widget-container\">\n\t\t\t\t\t\t\t\t\t\t\t\t\t\t\t<img fetchpriority=\"high\" decoding=\"async\" width=\"2048\" height=\"665\" src=\"https:\/\/www.ocrforfun.at\/ocr-camp\/wp-content\/uploads\/2022\/04\/long-camp.jpg\" class=\"attachment-full size-full wp-image-636\" alt=\"\" srcset=\"https:\/\/www.ocrforfun.at\/ocr-camp\/wp-content\/uploads\/2022\/04\/long-camp.jpg 2048w, https:\/\/www.ocrforfun.at\/ocr-camp\/wp-content\/uploads\/2022\/04\/long-camp-300x97.jpg 300w, https:\/\/www.ocrforfun.at\/ocr-camp\/wp-content\/uploads\/2022\/04\/long-camp-1024x333.jpg 1024w, https:\/\/www.ocrforfun.at\/ocr-camp\/wp-content\/uploads\/2022\/04\/long-camp-768x249.jpg 768w, https:\/\/www.ocrforfun.at\/ocr-camp\/wp-content\/uploads\/2022\/04\/long-camp-1536x499.jpg 1536w\" sizes=\"(max-width: 2048px) 100vw, 2048px\" \/>\t\t\t\t\t\t\t\t\t\t\t\t\t\t\t<\/div>\n\t\t\t\t<\/div>\n\t\t\t\t\t<\/div>\n\t\t<\/div>\n\t\t\t\t\t<\/div>\n\t\t<\/section>\n\t\t\t\t<section class=\"elementor-section elementor-top-section elementor-element elementor-element-9112aac elementor-section-boxed elementor-section-height-default elementor-section-height-default\" data-id=\"9112aac\" data-element_type=\"section\" data-e-type=\"section\">\n\t\t\t\t\t\t<div class=\"elementor-container elementor-column-gap-default\">\n\t\t\t\t\t<div class=\"elementor-column elementor-col-50 elementor-top-column elementor-element elementor-element-5226153\" data-id=\"5226153\" data-element_type=\"column\" data-e-type=\"column\">\n\t\t\t<div class=\"elementor-widget-wrap elementor-element-populated\">\n\t\t\t\t\t\t<div class=\"elementor-element elementor-element-1da7b79 elementor-widget elementor-widget-text-editor\" data-id=\"1da7b79\" data-element_type=\"widget\" data-e-type=\"widget\" data-widget_type=\"text-editor.default\">\n\t\t\t\t<div class=\"elementor-widget-container\">\n\t\t\t\t\t\t\t\t\t<h3><span style=\"color: inherit; font-family: inherit;\">Kroatien<\/span><\/h3><p><em>&#8222;Das Trainingscamp ist die perfekte Vorbereitung f\u00fcr alle Schlamm- und Hindernisl\u00e4ufe wie Spartan Race, Tough Mudder, Adventure Runs, Lake Run, &#8230; Es wird auch gemeinsam beim X Coast Run, einem offiziellen Hindernislauf der Adventure Runs gestartet. In dieser Woche wird Porec zum absoluten Hotspot f\u00fcr Hindernis- und Abenteuerl\u00e4ufer.&#8220;<\/em><\/p><p><button><a href=\"https:\/\/www.ocrforfun.at\/ocr-camp\/trainingscamp_kroatien\">Hier gibt es alle Informationen<\/a><\/button><\/p>\t\t\t\t\t\t\t\t<\/div>\n\t\t\t\t<\/div>\n\t\t\t\t\t<\/div>\n\t\t<\/div>\n\t\t\t\t<div class=\"elementor-column elementor-col-50 elementor-top-column elementor-element elementor-element-73fc3dd\" data-id=\"73fc3dd\" data-element_type=\"column\" data-e-type=\"column\">\n\t\t\t<div class=\"elementor-widget-wrap elementor-element-populated\">\n\t\t\t\t\t\t<div class=\"elementor-element elementor-element-def8a96 elementor-widget elementor-widget-image\" data-id=\"def8a96\" data-element_type=\"widget\" data-e-type=\"widget\" data-widget_type=\"image.default\">\n\t\t\t\t<div class=\"elementor-widget-container\">\n\t\t\t\t\t\t\t\t\t\t\t\t\t\t\t<img decoding=\"async\" width=\"2560\" height=\"1416\" src=\"https:\/\/www.ocrforfun.at\/ocr-camp\/wp-content\/uploads\/2025\/04\/IMG-20250404-WA0007-scaled.jpg\" class=\"attachment-full size-full wp-image-939\" alt=\"\" srcset=\"https:\/\/www.ocrforfun.at\/ocr-camp\/wp-content\/uploads\/2025\/04\/IMG-20250404-WA0007-scaled.jpg 2560w, https:\/\/www.ocrforfun.at\/ocr-camp\/wp-content\/uploads\/2025\/04\/IMG-20250404-WA0007-300x166.jpg 300w, https:\/\/www.ocrforfun.at\/ocr-camp\/wp-content\/uploads\/2025\/04\/IMG-20250404-WA0007-1024x567.jpg 1024w, https:\/\/www.ocrforfun.at\/ocr-camp\/wp-content\/uploads\/2025\/04\/IMG-20250404-WA0007-768x425.jpg 768w, https:\/\/www.ocrforfun.at\/ocr-camp\/wp-content\/uploads\/2025\/04\/IMG-20250404-WA0007-1536x850.jpg 1536w, https:\/\/www.ocrforfun.at\/ocr-camp\/wp-content\/uploads\/2025\/04\/IMG-20250404-WA0007-2048x1133.jpg 2048w\" sizes=\"(max-width: 2560px) 100vw, 2560px\" \/>\t\t\t\t\t\t\t\t\t\t\t\t\t\t\t<\/div>\n\t\t\t\t<\/div>\n\t\t\t\t\t<\/div>\n\t\t<\/div>\n\t\t\t\t\t<\/div>\n\t\t<\/section>\n\t\t\t\t<section class=\"elementor-section elementor-top-section elementor-element elementor-element-214dbd7 elementor-section-boxed elementor-section-height-default elementor-section-height-default\" data-id=\"214dbd7\" data-element_type=\"section\" data-e-type=\"section\">\n\t\t\t\t\t\t<div class=\"elementor-container elementor-column-gap-default\">\n\t\t\t\t\t<div class=\"elementor-column elementor-col-50 elementor-top-column elementor-element elementor-element-9158d06\" data-id=\"9158d06\" data-element_type=\"column\" data-e-type=\"column\">\n\t\t\t<div class=\"elementor-widget-wrap elementor-element-populated\">\n\t\t\t\t\t\t<div class=\"elementor-element elementor-element-3219a52 elementor-widget elementor-widget-heading\" data-id=\"3219a52\" data-element_type=\"widget\" data-e-type=\"widget\" data-widget_type=\"heading.default\">\n\t\t\t\t<div class=\"elementor-widget-container\">\n\t\t\t\t\t<h2 class=\"elementor-heading-title elementor-size-default\"><br>Virtual Bootcamp<\/h2>\t\t\t\t<\/div>\n\t\t\t\t<\/div>\n\t\t\t\t<div class=\"elementor-element elementor-element-b75ae42 elementor-widget elementor-widget-text-editor\" data-id=\"b75ae42\" data-element_type=\"widget\" data-e-type=\"widget\" data-widget_type=\"text-editor.default\">\n\t\t\t\t<div class=\"elementor-widget-container\">\n\t\t\t\t\t\t\t\t\t<h3>Teilnahme jederzeit<\/h3><p><em>\u201eIn neun intensiven Trainingswochen machen wir dich zum OCR-Athleten\u201c<\/em><\/p><p>\u00a0<\/p><p><a href=\"https:\/\/www.ocrforfun.at\/ocr-camp\/ocr-virtual-camp\/\"><button>Hier gibt es alle Informationen<\/button><\/a><\/p>\t\t\t\t\t\t\t\t<\/div>\n\t\t\t\t<\/div>\n\t\t\t\t\t<\/div>\n\t\t<\/div>\n\t\t\t\t<div class=\"elementor-column elementor-col-50 elementor-top-column elementor-element elementor-element-7971b93\" data-id=\"7971b93\" data-element_type=\"column\" data-e-type=\"column\">\n\t\t\t<div class=\"elementor-widget-wrap elementor-element-populated\">\n\t\t\t\t\t\t<div class=\"elementor-element elementor-element-8965efa elementor-widget elementor-widget-image\" data-id=\"8965efa\" data-element_type=\"widget\" data-e-type=\"widget\" data-widget_type=\"image.default\">\n\t\t\t\t<div class=\"elementor-widget-container\">\n\t\t\t\t\t\t\t\t\t\t\t\t\t\t\t<img decoding=\"async\" width=\"800\" height=\"419\" src=\"https:\/\/www.ocrforfun.at\/ocr-camp\/wp-content\/uploads\/2020\/12\/virtual-camp-klein.jpg\" class=\"attachment-large size-large wp-image-403\" alt=\"\" srcset=\"https:\/\/www.ocrforfun.at\/ocr-camp\/wp-content\/uploads\/2020\/12\/virtual-camp-klein.jpg 800w, https:\/\/www.ocrforfun.at\/ocr-camp\/wp-content\/uploads\/2020\/12\/virtual-camp-klein-300x157.jpg 300w, https:\/\/www.ocrforfun.at\/ocr-camp\/wp-content\/uploads\/2020\/12\/virtual-camp-klein-768x402.jpg 768w\" sizes=\"(max-width: 800px) 100vw, 800px\" \/>\t\t\t\t\t\t\t\t\t\t\t\t\t\t\t<\/div>\n\t\t\t\t<\/div>\n\t\t\t\t\t<\/div>\n\t\t<\/div>\n\t\t\t\t\t<\/div>\n\t\t<\/section>\n\t\t\t\t<\/div>\n\t\t","protected":false},"excerpt":{"rendered":"<p>Kroatien &#8222;Das Trainingscamp ist die perfekte Vorbereitung f\u00fcr alle Schlamm- und Hindernisl\u00e4ufe wie Spartan Race, Tough Mudder, Adventure Runs, Lake Run, &#8230; Es wird auch gemeinsam beim X Coast Run, einem offiziellen Hindernislauf der Adventure Runs gestartet. In dieser Woche wird Porec zum absoluten Hotspot f\u00fcr Hindernis- und Abenteuerl\u00e4ufer.&#8220; Hier gibt es alle Informationen Virtual [&hellip;]<\/p>\n","protected":false},"author":2,"featured_media":0,"parent":0,"menu_order":0,"comment_status":"closed","ping_status":"closed","template":"template-parts\/template-homepage.php","meta":{"_monsterinsights_skip_tracking":false,"_monsterinsights_sitenote_active":false,"_monsterinsights_sitenote_note":"","_monsterinsights_sitenote_category":0,"footnotes":""},"class_list":["post-341","page","type-page","status-publish","hentry"],"yoast_head":"<!-- This site is optimized with the Yoast SEO plugin v27.5 - https:\/\/yoast.com\/product\/yoast-seo-wordpress\/ -->\n<title>OCR Trainingscamp f\u00fcr Extrem-Hindernisl\u00e4ufer<\/title>\n<meta name=\"robots\" content=\"index, follow, max-snippet:-1, max-image-preview:large, max-video-preview:-1\" \/>\n<link rel=\"canonical\" href=\"https:\/\/www.ocrforfun.at\/ocr-camp\/\" \/>\n<meta property=\"og:locale\" content=\"de_DE\" \/>\n<meta property=\"og:type\" content=\"article\" \/>\n<meta property=\"og:title\" content=\"OCR Trainingscamp f\u00fcr Extrem-Hindernisl\u00e4ufer\" \/>\n<meta property=\"og:description\" content=\"Kroatien &#8222;Das Trainingscamp ist die perfekte Vorbereitung f\u00fcr alle Schlamm- und Hindernisl\u00e4ufe wie Spartan Race, Tough Mudder, Adventure Runs, Lake Run, &#8230; Es wird auch gemeinsam beim X Coast Run, einem offiziellen Hindernislauf der Adventure Runs gestartet. In dieser Woche wird Porec zum absoluten Hotspot f\u00fcr Hindernis- und Abenteuerl\u00e4ufer.&#8220; Hier gibt es alle Informationen Virtual [&hellip;]\" \/>\n<meta property=\"og:url\" content=\"https:\/\/www.ocrforfun.at\/ocr-camp\/\" \/>\n<meta property=\"article:modified_time\" content=\"2026-04-15T04:45:33+00:00\" \/>\n<meta property=\"og:image\" content=\"https:\/\/www.ocrforfun.at\/ocr-camp\/wp-content\/uploads\/2022\/04\/long-camp.jpg\" \/>\n\t<meta property=\"og:image:width\" content=\"2048\" \/>\n\t<meta property=\"og:image:height\" content=\"665\" \/>\n\t<meta property=\"og:image:type\" content=\"image\/jpeg\" \/>\n<meta name=\"twitter:card\" content=\"summary_large_image\" \/>\n<meta name=\"twitter:label1\" content=\"Gesch\u00e4tzte Lesezeit\" \/>\n\t<meta name=\"twitter:data1\" content=\"1\u00a0Minute\" \/>\n<script type=\"application\/ld+json\" class=\"yoast-schema-graph\">{\"@context\":\"https:\\\/\\\/schema.org\",\"@graph\":[{\"@type\":\"WebPage\",\"@id\":\"https:\\\/\\\/www.ocrforfun.at\\\/ocr-camp\\\/\",\"url\":\"https:\\\/\\\/www.ocrforfun.at\\\/ocr-camp\\\/\",\"name\":\"OCR Trainingscamp f\u00fcr Extrem-Hindernisl\u00e4ufer\",\"isPartOf\":{\"@id\":\"https:\\\/\\\/www.ocrforfun.at\\\/ocr-camp\\\/#website\"},\"primaryImageOfPage\":{\"@id\":\"https:\\\/\\\/www.ocrforfun.at\\\/ocr-camp\\\/#primaryimage\"},\"image\":{\"@id\":\"https:\\\/\\\/www.ocrforfun.at\\\/ocr-camp\\\/#primaryimage\"},\"thumbnailUrl\":\"https:\\\/\\\/www.ocrforfun.at\\\/ocr-camp\\\/wp-content\\\/uploads\\\/2022\\\/04\\\/long-camp.jpg\",\"datePublished\":\"2020-04-29T07:48:44+00:00\",\"dateModified\":\"2026-04-15T04:45:33+00:00\",\"breadcrumb\":{\"@id\":\"https:\\\/\\\/www.ocrforfun.at\\\/ocr-camp\\\/#breadcrumb\"},\"inLanguage\":\"de\",\"potentialAction\":[{\"@type\":\"ReadAction\",\"target\":[\"https:\\\/\\\/www.ocrforfun.at\\\/ocr-camp\\\/\"]}]},{\"@type\":\"ImageObject\",\"inLanguage\":\"de\",\"@id\":\"https:\\\/\\\/www.ocrforfun.at\\\/ocr-camp\\\/#primaryimage\",\"url\":\"https:\\\/\\\/www.ocrforfun.at\\\/ocr-camp\\\/wp-content\\\/uploads\\\/2022\\\/04\\\/long-camp.jpg\",\"contentUrl\":\"https:\\\/\\\/www.ocrforfun.at\\\/ocr-camp\\\/wp-content\\\/uploads\\\/2022\\\/04\\\/long-camp.jpg\",\"width\":2048,\"height\":665},{\"@type\":\"BreadcrumbList\",\"@id\":\"https:\\\/\\\/www.ocrforfun.at\\\/ocr-camp\\\/#breadcrumb\",\"itemListElement\":[{\"@type\":\"ListItem\",\"position\":1,\"name\":\"Startseite\",\"item\":\"https:\\\/\\\/www.ocrforfun.at\\\/ocr-camp\\\/\"},{\"@type\":\"ListItem\",\"position\":2,\"name\":\"OCR Trainingscamps\"}]},{\"@type\":\"WebSite\",\"@id\":\"https:\\\/\\\/www.ocrforfun.at\\\/ocr-camp\\\/#website\",\"url\":\"https:\\\/\\\/www.ocrforfun.at\\\/ocr-camp\\\/\",\"name\":\"\",\"description\":\"\",\"potentialAction\":[{\"@type\":\"SearchAction\",\"target\":{\"@type\":\"EntryPoint\",\"urlTemplate\":\"https:\\\/\\\/www.ocrforfun.at\\\/ocr-camp\\\/?s={search_term_string}\"},\"query-input\":{\"@type\":\"PropertyValueSpecification\",\"valueRequired\":true,\"valueName\":\"search_term_string\"}}],\"inLanguage\":\"de\"}]}<\/script>\n<!-- \/ Yoast SEO plugin. -->","yoast_head_json":{"title":"OCR Trainingscamp f\u00fcr Extrem-Hindernisl\u00e4ufer","robots":{"index":"index","follow":"follow","max-snippet":"max-snippet:-1","max-image-preview":"max-image-preview:large","max-video-preview":"max-video-preview:-1"},"canonical":"https:\/\/www.ocrforfun.at\/ocr-camp\/","og_locale":"de_DE","og_type":"article","og_title":"OCR Trainingscamp f\u00fcr Extrem-Hindernisl\u00e4ufer","og_description":"Kroatien &#8222;Das Trainingscamp ist die perfekte Vorbereitung f\u00fcr alle Schlamm- und Hindernisl\u00e4ufe wie Spartan Race, Tough Mudder, Adventure Runs, Lake Run, &#8230; Es wird auch gemeinsam beim X Coast Run, einem offiziellen Hindernislauf der Adventure Runs gestartet. In dieser Woche wird Porec zum absoluten Hotspot f\u00fcr Hindernis- und Abenteuerl\u00e4ufer.&#8220; Hier gibt es alle Informationen Virtual [&hellip;]","og_url":"https:\/\/www.ocrforfun.at\/ocr-camp\/","article_modified_time":"2026-04-15T04:45:33+00:00","og_image":[{"width":2048,"height":665,"url":"https:\/\/www.ocrforfun.at\/ocr-camp\/wp-content\/uploads\/2022\/04\/long-camp.jpg","type":"image\/jpeg"}],"twitter_card":"summary_large_image","twitter_misc":{"Gesch\u00e4tzte Lesezeit":"1\u00a0Minute"},"schema":{"@context":"https:\/\/schema.org","@graph":[{"@type":"WebPage","@id":"https:\/\/www.ocrforfun.at\/ocr-camp\/","url":"https:\/\/www.ocrforfun.at\/ocr-camp\/","name":"OCR Trainingscamp f\u00fcr Extrem-Hindernisl\u00e4ufer","isPartOf":{"@id":"https:\/\/www.ocrforfun.at\/ocr-camp\/#website"},"primaryImageOfPage":{"@id":"https:\/\/www.ocrforfun.at\/ocr-camp\/#primaryimage"},"image":{"@id":"https:\/\/www.ocrforfun.at\/ocr-camp\/#primaryimage"},"thumbnailUrl":"https:\/\/www.ocrforfun.at\/ocr-camp\/wp-content\/uploads\/2022\/04\/long-camp.jpg","datePublished":"2020-04-29T07:48:44+00:00","dateModified":"2026-04-15T04:45:33+00:00","breadcrumb":{"@id":"https:\/\/www.ocrforfun.at\/ocr-camp\/#breadcrumb"},"inLanguage":"de","potentialAction":[{"@type":"ReadAction","target":["https:\/\/www.ocrforfun.at\/ocr-camp\/"]}]},{"@type":"ImageObject","inLanguage":"de","@id":"https:\/\/www.ocrforfun.at\/ocr-camp\/#primaryimage","url":"https:\/\/www.ocrforfun.at\/ocr-camp\/wp-content\/uploads\/2022\/04\/long-camp.jpg","contentUrl":"https:\/\/www.ocrforfun.at\/ocr-camp\/wp-content\/uploads\/2022\/04\/long-camp.jpg","width":2048,"height":665},{"@type":"BreadcrumbList","@id":"https:\/\/www.ocrforfun.at\/ocr-camp\/#breadcrumb","itemListElement":[{"@type":"ListItem","position":1,"name":"Startseite","item":"https:\/\/www.ocrforfun.at\/ocr-camp\/"},{"@type":"ListItem","position":2,"name":"OCR Trainingscamps"}]},{"@type":"WebSite","@id":"https:\/\/www.ocrforfun.at\/ocr-camp\/#website","url":"https:\/\/www.ocrforfun.at\/ocr-camp\/","name":"","description":"","potentialAction":[{"@type":"SearchAction","target":{"@type":"EntryPoint","urlTemplate":"https:\/\/www.ocrforfun.at\/ocr-camp\/?s={search_term_string}"},"query-input":{"@type":"PropertyValueSpecification","valueRequired":true,"valueName":"search_term_string"}}],"inLanguage":"de"}]}},"_links":{"self":[{"href":"https:\/\/www.ocrforfun.at\/ocr-camp\/wp-json\/wp\/v2\/pages\/341","targetHints":{"allow":["GET"]}}],"collection":[{"href":"https:\/\/www.ocrforfun.at\/ocr-camp\/wp-json\/wp\/v2\/pages"}],"about":[{"href":"https:\/\/www.ocrforfun.at\/ocr-camp\/wp-json\/wp\/v2\/types\/page"}],"author":[{"embeddable":true,"href":"https:\/\/www.ocrforfun.at\/ocr-camp\/wp-json\/wp\/v2\/users\/2"}],"replies":[{"embeddable":true,"href":"https:\/\/www.ocrforfun.at\/ocr-camp\/wp-json\/wp\/v2\/comments?post=341"}],"version-history":[{"count":107,"href":"https:\/\/www.ocrforfun.at\/ocr-camp\/wp-json\/wp\/v2\/pages\/341\/revisions"}],"predecessor-version":[{"id":975,"href":"https:\/\/www.ocrforfun.at\/ocr-camp\/wp-json\/wp\/v2\/pages\/341\/revisions\/975"}],"wp:attachment":[{"href":"https:\/\/www.ocrforfun.at\/ocr-camp\/wp-json\/wp\/v2\/media?parent=341"}],"curies":[{"name":"wp","href":"https:\/\/api.w.org\/{rel}","templated":true}]}}