{"id":81,"date":"2019-08-10T11:05:42","date_gmt":"2019-08-10T09:05:42","guid":{"rendered":"https:\/\/www.ocrforfun.at\/ocr-camp\/?page_id=81"},"modified":"2025-01-05T11:29:02","modified_gmt":"2025-01-05T10:29:02","slug":"agb","status":"publish","type":"page","link":"https:\/\/www.ocrforfun.at\/ocr-camp\/agb\/","title":{"rendered":"AGB"},"content":{"rendered":"\t\t<div data-elementor-type=\"wp-post\" data-elementor-id=\"81\" class=\"elementor elementor-81\">\n\t\t\t\t\t\t<section class=\"elementor-section elementor-top-section elementor-element elementor-element-a1114b5 elementor-section-boxed elementor-section-height-default elementor-section-height-default\" data-id=\"a1114b5\" data-element_type=\"section\" data-e-type=\"section\">\n\t\t\t\t\t\t<div class=\"elementor-container elementor-column-gap-default\">\n\t\t\t\t\t<div class=\"elementor-column elementor-col-100 elementor-top-column elementor-element elementor-element-faf780a\" data-id=\"faf780a\" data-element_type=\"column\" data-e-type=\"column\">\n\t\t\t<div class=\"elementor-widget-wrap\">\n\t\t\t\t\t\t\t<\/div>\n\t\t<\/div>\n\t\t\t\t\t<\/div>\n\t\t<\/section>\n\t\t\t\t<section class=\"elementor-section elementor-top-section elementor-element elementor-element-fda0a94 elementor-section-boxed elementor-section-height-default elementor-section-height-default\" data-id=\"fda0a94\" data-element_type=\"section\" data-e-type=\"section\">\n\t\t\t\t\t\t<div class=\"elementor-container elementor-column-gap-default\">\n\t\t\t\t\t<div class=\"elementor-column elementor-col-100 elementor-top-column elementor-element elementor-element-898a63a\" data-id=\"898a63a\" data-element_type=\"column\" data-e-type=\"column\">\n\t\t\t<div class=\"elementor-widget-wrap elementor-element-populated\">\n\t\t\t\t\t\t<div class=\"elementor-element elementor-element-468e286 elementor-widget elementor-widget-text-editor\" data-id=\"468e286\" data-element_type=\"widget\" data-e-type=\"widget\" data-widget_type=\"text-editor.default\">\n\t\t\t\t<div class=\"elementor-widget-container\">\n\t\t\t\t\t\t\t\t\t<p>Allgemeine Teilnahme- und Gesch\u00e4ftsbedingungen<\/p>\n<p>Die Bedingungen, werden im Falle einer Buchung Inhalt des zwischen dem Veranstalter und jedem einzelnen Teilnehmers zustande kommenden Vertrages.<\/p>\n<p><strong>Es handelt sich um keine Pauschalreise oder verbundene Reiseleistung, wir bieten nur die Trainerleistung vor Ort an. Transport, Unterkunft und etwaige andere Leistungen sind vom Teilnehmer selbstst\u00e4ndig zu Organisieren und direkt beim Anbieter zu buchen. Diesbez\u00fcglich besteht absolute Wahlfreiheit durch den Teilnehmer.<\/strong><\/p>\n<div>&nbsp;<\/div>\n<ol>\n<li><strong>Abschluss des Vertrags<\/strong><\/li>\n<\/ol>\n<p>1.2 Das rechtsverbindliche Angebot geht von Ihnen aus. Der Reisevertrag kommt zustande, wenn wir Ihnen unsere schriftliche Buchungsbest\u00e4tigung zugesandt haben.<\/p>\n<p>1.3 Enth\u00e4lt die Buchungsbest\u00e4tigung Abweichungen von der Anmeldung, so sind Sie berechtigt, innerhalb von 10 Tagen eine ausdr\u00fcckliche Nichtannahme schriftlich zu erkl\u00e4ren. Erfolgt dies nicht, so wird die Buchungsbest\u00e4tigung verbindlich.<\/p>\n<ol start=\"2\">\n<li><strong>Leistungen<\/strong><\/li>\n<\/ol>\n<p>2.1 Der Umfang der vertraglich vereinbarten Leistungen ergibt sich aus den Leistungsbeschreibungen auf unserer Webseite und dem hierauf bezogenen Informationsmaterial und Angaben in der Buchungsbest\u00e4tigung.<\/p>\n<p>2.2 Die Unterkunft in und der Transport zu der Trainingsdestination sind selbst\u00e4ndig vom Teilnehmer direkt beim jeweiligen Anbieter zu buchen. Wir bieten nur das Training vor Ort an.<\/p>\n<ol start=\"3\">\n<li><strong>Bezahlung<\/strong><\/li>\n<\/ol>\n<p>3.1 Mit Vertragsschluss ist die Zahlung vollst\u00e4ndig zu leisten.<\/p>\n<ol start=\"4\">\n<li><strong>Preis- und Leistungs\u00e4nderungen<\/strong><\/li>\n<\/ol>\n<p>4.1 \u00c4nderungen oder Abweichungen von dem vereinbarten Angebot, die nach Vertragsabschlu\u00df notwendig werden, und die von uns nicht wieder Treu und Glauben herbeigef\u00fchrt wurden, sind gestattet, soweit die \u00c4nderung oder Abweichungen nicht erheblich sind und den Gesamtzuschnitt der gebuchten Leistung nicht beeintr\u00e4chtigen. Weitreichendere \u00c4nderungen sind bei allen veranstaltungsgef\u00e4hrdenden Ereignissen und Einfl\u00fcsse wie zum Beispiel h\u00f6here Gewalt, Naturkatastrophen, Reiseverbote, Epidemie, politische Unruhen usw. m\u00f6glich. In diesem Fall ist der Veranstalter berechtigt den Veranstaltungsort und\/oder -zeit auf den n\u00e4chst sicheren, f\u00fcr diese Veranstaltung geeigneten Ort und\/oder Zeitpunkt zu verlegen. Wir sind verpflichtet, Sie \u00fcber Leistungs\u00e4nderungen und Leistungsabweichungen unverz\u00fcglich in Kenntnis zu setzen. Ein Recht auf R\u00fcckerstattung besteht hier leider nicht.<\/p>\n<p>4.2 Der Teilnehmer erkl\u00e4rt sich bereit bei Touren deren Ausgangspunkt nicht ab dem Hotel (Homebase) durchgef\u00fchrt werden mit dem eigenen Kfz anzufahren. Eventuell anfallende Parkplatz- oder Mautgeb\u00fchren sind, sofern in der Reisebeschreibung mit angegeben, bereits im Reisepreis enthalten. Eine Kostenerstattung bei Benutzung des eigenen Pkw erfolgt nicht. Der Veranstalter &nbsp;\u00fcbernimmt keinerlei Haftung f\u00fcr m\u00f6gliche Sch\u00e4den am oder mit dem Kfz w\u00e4hrend der Reise.<\/p>\n<p>4.3 Falls eine nach den vorstehenden Bestimmungen zul\u00e4ssige Preiserh\u00f6hung 5% \u00fcbersteigt, ist der Reisegast berechtigt, ohne Geb\u00fchren vom Reisevertrag zur\u00fcckzutreten. Der R\u00fccktritt muss unverz\u00fcglich erkl\u00e4rt werden. Eine \u00c4nderung der Trainingsleitung oder der Trainingseinheiten ist kein Grund f\u00fcr die Stornierung einer Reise oder f\u00fcr eine Preisreduktion.<\/p>\n<ol start=\"5\">\n<li><strong>Nicht in Anspruch genommene Leistungen<\/strong><\/li>\n<\/ol>\n<p>Nimmt ein Reiseteilnehmer einzelne Reiseleistungen infolge vorzeitiger R\u00fcckreise, wegen Krankheit, Selbst\u00fcbersch\u00e4tzung oder aus anderen, nicht von uns zu vertretenden Gr\u00fcnden nicht in Anspruch, so besteht kein Anspruch des Reisegastes auf anteilige R\u00fcckerstattung.<\/p>\n<ol start=\"6\">\n<li><strong>R\u00fccktritt und K\u00fcndigung durch den Trainingsanbieter<\/strong><\/li>\n<\/ol>\n<p>6.1 Der Veranstalter kann den Vertrag nach Trainingsbeginn k\u00fcndigen, wenn der Teilnehmer die Durchf\u00fchrung des Vertrages ungeachtet einer Abmahnung nachhaltig st\u00f6rt oder wenn er sich in solchem Ma\u00dfe vertragswidrig verh\u00e4lt, dass die sofortige Aufhebung des Vertrages gerechtfertigt ist. Bei einer K\u00fcndigung beh\u00e4lt wir uns den Anspruch auf den Gesamtpreis, muss jedoch den Wert ersparter Aufwendungen sowie diejenigen Vorteile anrechnen lassen, die aus einer anderweitigen Verwendung der Leistung erlangt wurden, einschlie\u00dflich der uns eventuell von den Leistungstr\u00e4gern gutgeschriebenen Betr\u00e4ge.<\/p>\n<p>6.2 Der Veranstalter kann bei Nichterreichen einer in der konkreten Ausschreibung genannten Mindestteilnehmerzahl nach Ma\u00dfgabe folgender Bestimmungen vom Vertrag zur\u00fccktreten:<\/p>\n<ol>\n<li>Der Veranstalter verpflichtet, dem Teilnehmer gegen\u00fcber die Absage unverz\u00fcglich zu erkl\u00e4ren, wenn feststeht, dass die Reise wegen Nichterreichen der Mindestteilnehmerzahl nicht durchgef\u00fchrt wird.<\/li>\n<li>Ein R\u00fccktritt vom Veranstalter sp\u00e4ter als 7 Tage vor Veranstaltungsbeginn ist nicht zul\u00e4ssig.<\/li>\n<li>Der Teilnehmer kann bei Absage die Teilnahme an einer mindestens gleichwertigen anderen Reise verlangen, wenn der Veranstalter in der Lage ist, eine solche Reise ohne Mehrpreis f\u00fcr den Teilnehmer aus dem eigenen Angebot anzubieten. Der Teilnehmer hat dieses Recht unverz\u00fcglich nach der Erkl\u00e4rung \u00fcber die Absage gegen\u00fcber dem Veranstalter geltend zu machen.<\/li>\n<li>Die Stornierung der Unterkunft, Transport usw. muss direkt beim Anbieter, bei welchem diese Leistung gebucht wurde erfolgen. Der Veranstalter \u00fcbernimmt hierf\u00fcr weder eine Haftung noch die \u00dcbernahme eventueller Kosten.<\/li>\n<\/ol>\n<ol start=\"7\">\n<li><strong>R\u00fccktritt und Umbuchung durch den Kunden<\/strong><\/li>\n<\/ol>\n<p>Umtausch, Umbuchung oder Stornierung k\u00f6nnen leider nicht akzeptiert werden. Ausgenommen davon sind die ersten 5 Minuten nach dem Kauf. Hier wird der volle Preis abz\u00fcglich einer Manipulationsgeb\u00fchr r\u00fcckerstattet (einfache Storno-Option).<\/p>\n<p>Bei Buchung der \u201cErweiterten Storno-Option\u201d: Tickets k\u00f6nnen in diesem Fall bis 4 Wochen vor Anmeldeschluss&nbsp; auf ein anderes Datum oder eine andere Person umgebucht werden<span style=\"font-family: var( --e-global-typography-text-font-family ), Sans-serif; font-weight: var( --e-global-typography-text-font-weight );\">, wenn nachweislich (\u00c4rztliche Best\u00e4tigung!) einer der folgenden Gr\u00fcnde vorliegt, der die aktive Teilnahme unm\u00f6glich macht: Unfall, Erkrankung, Tod eines nahen Angeh\u00f6rigen.<\/span><span style=\"font-family: var( --e-global-typography-text-font-family ), Sans-serif; font-weight: var( --e-global-typography-text-font-weight );\">&nbsp;Zusatzk\u00e4ufe wie Zeiterfassung oder Hotelbuchungen sind nicht umfasst. Bei Absage oder Verschiebung der Veranstaltung sowie bei&nbsp; unvorhersehbaren, veranstaltungsgef\u00e4hrdenden Ereignissen kann diese Option nicht in Anspruch genommen werden.<\/span><\/p>\n<ol start=\"8\">\n<li><strong>Haftungsverzicht<\/strong><\/li>\n<\/ol>\n<p>Vor dem Trainingsbeginn am ersten Tag ist ein Haftungsverzicht zu unterschreiben. Dieser kann jederzeit vom Veranstalter schon vorab angefordert werden. Ohne unterschriebene Haftungsverzicht ist keine Teilnahme m\u00f6glich, bez\u00fcglich R\u00fcckerstattung siehe 6.1.<\/p>\n<p>Auch erteilt der Teilnehmer mit der Buchung explizit die Erlaubnis Fotos und Videos w\u00e4hrend der Trainingscamps vom Teilnehmer zu machen und zu ver\u00f6ffentlichen. Ist dies nicht gew\u00fcnscht, so ist der Veranstalter vor dem Trainingscamp schriftlich dar\u00fcber in Kenntnis zu setzten,<\/p>\n<ol start=\"9\">\n<li><strong>Pass-, Visa-, Zoll-, Devisen- und Gesundheitsbestimmungen<\/strong><\/li>\n<\/ol>\n<p>9.1 Der Teilnehmer hat sich selbst\u00e4ndig \u00fcber die allgemein g\u00fcltigen Einreisebestimmungen und Rechtslage vor Ort zu k\u00fcmmern. Im Zweifel kann die Unterkunft, die von Teilnehmer selbstst\u00e4ndig gebucht wurde, oder das Au\u00dfenamt befragt werden.<\/p>\n<ol start=\"10\">\n<li><strong>Haftung<\/strong><\/li>\n<\/ol>\n<p>10.1 Der Veranstalter haftet nicht f\u00fcr Leistungsst\u00f6rungen im Zusammenhang mit Fremdleistung, da es sich weder um eine Pauschalreise noch um eine verbundene Reiseleistung handelt.<\/p>\n<ol start=\"11\">\n<li><strong>Verj\u00e4hrung, Abtretungsverbot<\/strong><\/li>\n<\/ol>\n<p>11.1 Anspr\u00fcche des Teilnehmers gegen\u00fcber dem Veranstalter, gleich aus welchem Rechtsgrund \u2013 jedoch mit Ausnahme der Anspr\u00fcche des Teilnehmer aus unerlaubter Handlung \u2013 verj\u00e4hren nach 6 Monaten ab dem vertraglich vorgesehenen Veranstaltungsdatum. Dies gilt insbesondere auch f\u00fcr Anspr\u00fcche aus der Verletzung von vor- und nachvertraglichen Pflichten und den Nebenpflichten. Die Verj\u00e4hrung tritt nach \u00a7651c bis 651 f BGB nach einem Jahr ein und beginnt mit dem Tag an dem die Veranstaltung endet.<\/p>\n<p>11.2 Eine Abtretung jeder Anspr\u00fcche des Kunden aus Anlass der Teilnahme, gleich aus welchem Rechtsgrund, an Dritte, auch an Ehegatten, ist ausgeschlossen. Ebenso ist ausgeschlossen deren gerichtliche Geltendmachung im eigenen Namen.<\/p>\n<ol start=\"12\">\n<li><strong>Gerichtsstand, Sonstiges<\/strong><\/li>\n<\/ol>\n<p>12.1 Sollte eine der vorstehenden Bestimmungen unwirksam sein oder werden, behalten die \u00fcbrigen Bedingungen gleichwohl G\u00fcltigkeit und die Wirksamkeit des Vertrags bleibt unber\u00fchrt.<\/p>\n<p>12.2 Gerichtsstand f\u00fcr Klagen des Teilnehmers gegen den Veranstalter ist ausschlie\u00dflich Leoben.<\/p>\n<p><strong>IMPRESSUM<\/strong><\/p>\n<p>Peter Krobath<\/p>\n<p>Scheibenweg 36<\/p>\n<p>8680 M\u00fcrzzuschlag<\/p>\n<p>\u00d6sterreich<\/p>\n<p>info@ocrforfun.at<\/p>\t\t\t\t\t\t\t\t<\/div>\n\t\t\t\t<\/div>\n\t\t\t\t\t<\/div>\n\t\t<\/div>\n\t\t\t\t\t<\/div>\n\t\t<\/section>\n\t\t\t\t<\/div>\n\t\t","protected":false},"excerpt":{"rendered":"<p>Allgemeine Teilnahme- und Gesch\u00e4ftsbedingungen Die Bedingungen, werden im Falle einer Buchung Inhalt des zwischen dem Veranstalter und jedem einzelnen Teilnehmers zustande kommenden Vertrages. Es handelt sich um keine Pauschalreise oder verbundene Reiseleistung, wir bieten nur die Trainerleistung vor Ort an. Transport, Unterkunft und etwaige andere Leistungen sind vom Teilnehmer selbstst\u00e4ndig zu Organisieren und direkt beim [&hellip;]<\/p>\n","protected":false},"author":2,"featured_media":0,"parent":0,"menu_order":0,"comment_status":"closed","ping_status":"closed","template":"elementor_header_footer","meta":{"_monsterinsights_skip_tracking":false,"_monsterinsights_sitenote_active":false,"_monsterinsights_sitenote_note":"","_monsterinsights_sitenote_category":0,"footnotes":""},"class_list":["post-81","page","type-page","status-publish","hentry"],"yoast_head":"<!-- This site is optimized with the Yoast SEO plugin v27.4 - https:\/\/yoast.com\/product\/yoast-seo-wordpress\/ -->\n<title>AGB -<\/title>\n<meta name=\"robots\" content=\"index, follow, max-snippet:-1, max-image-preview:large, max-video-preview:-1\" \/>\n<link rel=\"canonical\" href=\"https:\/\/www.ocrforfun.at\/ocr-camp\/agb\/\" \/>\n<meta property=\"og:locale\" content=\"de_DE\" \/>\n<meta property=\"og:type\" content=\"article\" \/>\n<meta property=\"og:title\" content=\"AGB -\" \/>\n<meta property=\"og:description\" content=\"Allgemeine Teilnahme- und Gesch\u00e4ftsbedingungen Die Bedingungen, werden im Falle einer Buchung Inhalt des zwischen dem Veranstalter und jedem einzelnen Teilnehmers zustande kommenden Vertrages. Es handelt sich um keine Pauschalreise oder verbundene Reiseleistung, wir bieten nur die Trainerleistung vor Ort an. Transport, Unterkunft und etwaige andere Leistungen sind vom Teilnehmer selbstst\u00e4ndig zu Organisieren und direkt beim [&hellip;]\" \/>\n<meta property=\"og:url\" content=\"https:\/\/www.ocrforfun.at\/ocr-camp\/agb\/\" \/>\n<meta property=\"article:modified_time\" content=\"2025-01-05T10:29:02+00:00\" \/>\n<meta name=\"twitter:card\" content=\"summary_large_image\" \/>\n<meta name=\"twitter:label1\" content=\"Gesch\u00e4tzte Lesezeit\" \/>\n\t<meta name=\"twitter:data1\" content=\"6\u00a0Minuten\" \/>\n<script type=\"application\/ld+json\" class=\"yoast-schema-graph\">{\"@context\":\"https:\\\/\\\/schema.org\",\"@graph\":[{\"@type\":\"WebPage\",\"@id\":\"https:\\\/\\\/www.ocrforfun.at\\\/ocr-camp\\\/agb\\\/\",\"url\":\"https:\\\/\\\/www.ocrforfun.at\\\/ocr-camp\\\/agb\\\/\",\"name\":\"AGB -\",\"isPartOf\":{\"@id\":\"https:\\\/\\\/www.ocrforfun.at\\\/ocr-camp\\\/#website\"},\"datePublished\":\"2019-08-10T09:05:42+00:00\",\"dateModified\":\"2025-01-05T10:29:02+00:00\",\"breadcrumb\":{\"@id\":\"https:\\\/\\\/www.ocrforfun.at\\\/ocr-camp\\\/agb\\\/#breadcrumb\"},\"inLanguage\":\"de\",\"potentialAction\":[{\"@type\":\"ReadAction\",\"target\":[\"https:\\\/\\\/www.ocrforfun.at\\\/ocr-camp\\\/agb\\\/\"]}]},{\"@type\":\"BreadcrumbList\",\"@id\":\"https:\\\/\\\/www.ocrforfun.at\\\/ocr-camp\\\/agb\\\/#breadcrumb\",\"itemListElement\":[{\"@type\":\"ListItem\",\"position\":1,\"name\":\"Startseite\",\"item\":\"https:\\\/\\\/www.ocrforfun.at\\\/ocr-camp\\\/\"},{\"@type\":\"ListItem\",\"position\":2,\"name\":\"AGB\"}]},{\"@type\":\"WebSite\",\"@id\":\"https:\\\/\\\/www.ocrforfun.at\\\/ocr-camp\\\/#website\",\"url\":\"https:\\\/\\\/www.ocrforfun.at\\\/ocr-camp\\\/\",\"name\":\"\",\"description\":\"\",\"potentialAction\":[{\"@type\":\"SearchAction\",\"target\":{\"@type\":\"EntryPoint\",\"urlTemplate\":\"https:\\\/\\\/www.ocrforfun.at\\\/ocr-camp\\\/?s={search_term_string}\"},\"query-input\":{\"@type\":\"PropertyValueSpecification\",\"valueRequired\":true,\"valueName\":\"search_term_string\"}}],\"inLanguage\":\"de\"}]}<\/script>\n<!-- \/ Yoast SEO plugin. -->","yoast_head_json":{"title":"AGB -","robots":{"index":"index","follow":"follow","max-snippet":"max-snippet:-1","max-image-preview":"max-image-preview:large","max-video-preview":"max-video-preview:-1"},"canonical":"https:\/\/www.ocrforfun.at\/ocr-camp\/agb\/","og_locale":"de_DE","og_type":"article","og_title":"AGB -","og_description":"Allgemeine Teilnahme- und Gesch\u00e4ftsbedingungen Die Bedingungen, werden im Falle einer Buchung Inhalt des zwischen dem Veranstalter und jedem einzelnen Teilnehmers zustande kommenden Vertrages. Es handelt sich um keine Pauschalreise oder verbundene Reiseleistung, wir bieten nur die Trainerleistung vor Ort an. Transport, Unterkunft und etwaige andere Leistungen sind vom Teilnehmer selbstst\u00e4ndig zu Organisieren und direkt beim [&hellip;]","og_url":"https:\/\/www.ocrforfun.at\/ocr-camp\/agb\/","article_modified_time":"2025-01-05T10:29:02+00:00","twitter_card":"summary_large_image","twitter_misc":{"Gesch\u00e4tzte Lesezeit":"6\u00a0Minuten"},"schema":{"@context":"https:\/\/schema.org","@graph":[{"@type":"WebPage","@id":"https:\/\/www.ocrforfun.at\/ocr-camp\/agb\/","url":"https:\/\/www.ocrforfun.at\/ocr-camp\/agb\/","name":"AGB -","isPartOf":{"@id":"https:\/\/www.ocrforfun.at\/ocr-camp\/#website"},"datePublished":"2019-08-10T09:05:42+00:00","dateModified":"2025-01-05T10:29:02+00:00","breadcrumb":{"@id":"https:\/\/www.ocrforfun.at\/ocr-camp\/agb\/#breadcrumb"},"inLanguage":"de","potentialAction":[{"@type":"ReadAction","target":["https:\/\/www.ocrforfun.at\/ocr-camp\/agb\/"]}]},{"@type":"BreadcrumbList","@id":"https:\/\/www.ocrforfun.at\/ocr-camp\/agb\/#breadcrumb","itemListElement":[{"@type":"ListItem","position":1,"name":"Startseite","item":"https:\/\/www.ocrforfun.at\/ocr-camp\/"},{"@type":"ListItem","position":2,"name":"AGB"}]},{"@type":"WebSite","@id":"https:\/\/www.ocrforfun.at\/ocr-camp\/#website","url":"https:\/\/www.ocrforfun.at\/ocr-camp\/","name":"","description":"","potentialAction":[{"@type":"SearchAction","target":{"@type":"EntryPoint","urlTemplate":"https:\/\/www.ocrforfun.at\/ocr-camp\/?s={search_term_string}"},"query-input":{"@type":"PropertyValueSpecification","valueRequired":true,"valueName":"search_term_string"}}],"inLanguage":"de"}]}},"_links":{"self":[{"href":"https:\/\/www.ocrforfun.at\/ocr-camp\/wp-json\/wp\/v2\/pages\/81","targetHints":{"allow":["GET"]}}],"collection":[{"href":"https:\/\/www.ocrforfun.at\/ocr-camp\/wp-json\/wp\/v2\/pages"}],"about":[{"href":"https:\/\/www.ocrforfun.at\/ocr-camp\/wp-json\/wp\/v2\/types\/page"}],"author":[{"embeddable":true,"href":"https:\/\/www.ocrforfun.at\/ocr-camp\/wp-json\/wp\/v2\/users\/2"}],"replies":[{"embeddable":true,"href":"https:\/\/www.ocrforfun.at\/ocr-camp\/wp-json\/wp\/v2\/comments?post=81"}],"version-history":[{"count":29,"href":"https:\/\/www.ocrforfun.at\/ocr-camp\/wp-json\/wp\/v2\/pages\/81\/revisions"}],"predecessor-version":[{"id":933,"href":"https:\/\/www.ocrforfun.at\/ocr-camp\/wp-json\/wp\/v2\/pages\/81\/revisions\/933"}],"wp:attachment":[{"href":"https:\/\/www.ocrforfun.at\/ocr-camp\/wp-json\/wp\/v2\/media?parent=81"}],"curies":[{"name":"wp","href":"https:\/\/api.w.org\/{rel}","templated":true}]}}